{"id":6257,"date":"2024-11-04T07:17:32","date_gmt":"2024-11-04T07:17:32","guid":{"rendered":"https:\/\/beta.casabonda.com\/politica-de-cookies\/"},"modified":"2024-11-04T07:51:07","modified_gmt":"2024-11-04T07:51:07","slug":"politica-de-cookies","status":"publish","type":"page","link":"https:\/\/casabonda.com\/ca\/politica-de-cookies\/","title":{"rendered":"Politica de Cookies"},"content":{"rendered":"[vc_row type=&#8221;in_container&#8221; full_screen_row_position=&#8221;middle&#8221; column_margin=&#8221;default&#8221; column_direction=&#8221;default&#8221; column_direction_tablet=&#8221;default&#8221; column_direction_phone=&#8221;default&#8221; scene_position=&#8221;center&#8221; top_margin=&#8221;10vh&#8221; bottom_margin=&#8221;10vh&#8221; text_color=&#8221;dark&#8221; text_align=&#8221;left&#8221; row_border_radius=&#8221;none&#8221; row_border_radius_applies=&#8221;bg&#8221; overflow=&#8221;visible&#8221; overlay_strength=&#8221;0.3&#8243; gradient_direction=&#8221;left_to_right&#8221; shape_divider_position=&#8221;bottom&#8221; bg_image_animation=&#8221;none&#8221; gradient_type=&#8221;default&#8221; shape_type=&#8221;&#8221;][vc_column column_padding=&#8221;no-extra-padding&#8221; column_padding_tablet=&#8221;inherit&#8221; column_padding_phone=&#8221;inherit&#8221; column_padding_position=&#8221;all&#8221; column_element_direction_desktop=&#8221;default&#8221; column_element_spacing=&#8221;default&#8221; desktop_text_alignment=&#8221;default&#8221; tablet_text_alignment=&#8221;default&#8221; phone_text_alignment=&#8221;default&#8221; background_color_opacity=&#8221;1&#8243; background_hover_color_opacity=&#8221;1&#8243; column_backdrop_filter=&#8221;none&#8221; column_shadow=&#8221;none&#8221; column_border_radius=&#8221;none&#8221; column_link_target=&#8221;_self&#8221; column_position=&#8221;default&#8221; gradient_direction=&#8221;left_to_right&#8221; overlay_strength=&#8221;0.3&#8243; width=&#8221;1\/1&#8243; tablet_width_inherit=&#8221;default&#8221; animation_type=&#8221;default&#8221; bg_image_animation=&#8221;none&#8221; border_type=&#8221;simple&#8221; column_border_width=&#8221;none&#8221; column_border_style=&#8221;solid&#8221;][vc_column_text css=&#8221;&#8221; text_direction=&#8221;default&#8221;]\n<h3>Per qu\u00e8 utilitzem cookies i tractam dades de navegaci\u00f3?<\/h3>\n<p>En aquesta web utlitizem cookies. En cas d\u2019utilitzar la nostra web sense procedir a la desactivaci\u00f3 de les cookies, es manifesta el consentiment per la instal\u00b7laci\u00f3 d\u2019aquestes.<\/p>\n<h3>Qu\u00e8 \u00e9s una cookie?<\/h3>\n<p>Una cookie es un fitxer que las webs descarreguen als equips que es conecten a elles. Si b\u00e9 \u00e9s cert que els prop\u00f2sits de les cookies s\u00f3n nom\u00e9s t\u00e8cnics, tamb\u00e9 poden permetre, entre d\u2019altres coses, emmagatzemar i recuperar informaci\u00f3 sobre els h\u00e0bits de navegaci\u00f3 d\u2019un usuari o del seu equip i, depenent de la informaci\u00f3 que contenguin i de la forma en que s\u2019utilitzi el seu equipo, utilizar-se per reconeixer l\u2019usuari.<\/p>\n<p>Existeixen cookies que s\u00f3n controlades i gestionades per el propi titular de la Web (anomenades \u201ccookies pr\u00f2pies\u201d) i d\u2019altres que s\u00f3n gestionades per tercers (s\u00f3n conegudes com \u201ccookies de tercers\u201d), per exemple, per qu\u00e8 aquests proporcionen una eina o una funcionalitat integrada a la web.<\/p>\n<p>Algunes cookies es cancelen una vegada finalitzada la navegaci\u00f3 a la web (cookies de sessi\u00f3) mentre que d\u2019altres poden seguir emmagatzemades a l\u2019equip dels usuaris i ser accedides per un per\u00edode m\u00e9s llarg (cookies persistents).<\/p>\n<h3>Quin tipus de cookies utilitzam i per a qu\u00e8?<\/h3>\n<p>En aquesta Web utilizam el seg\u00fcent tipus de cookies:<\/p>\n<p>1. Cookies t\u00e8cniques o indispensables per a la prestaci\u00f3 dels servicios.Utilizam cookies t\u00e8cniques per poder oferir els serveis sol\u00b7licitats per els nostres usuaris. Aquestes cookies s\u00f3n indispensables per a la navegaci\u00f3 i la utilitzaci\u00f3 de les diferents opcions i serveis de la web, com, por exemple, controlar el tr\u00e0fic i la comunicaci\u00f3 de dades o identificar la sessi\u00f3.<\/p>\n<p>2. Cookies d\u2019an\u00e0lisi.Les cookies d\u2019an\u00e0lisi permeten medir i analitzar l\u2019actividad dels llocs web i elaborar perfils de navegaci\u00f3 dels usuaris. Utilitzam aquestes cookies per recopilar estad\u00edstiques an\u00f2nimes i conjuntes que ens permetin comprendre la forma en que els usuaris utilitzen la nostra web, amb l\u2019objectiu de millorar-la i ajustar-la a las prefer\u00e8ncies dels nostres visitants. A mode d\u2019il\u00b7lustraci\u00f3, les dades derivades de la navegaci\u00f3 al nostre web que poden ser objecte d\u2019an\u00e0lisi s\u00f3n els seg\u00fcents:- El nom de dominio del prove\u00efdor (PSI) i\/o direcci\u00f3 IP que els dona acc\u00e9s a la xarxa. Per exemple, un usuari del prove\u00efdor xxx nom\u00e9s estar\u00e0 identificat amb el domini xxx.es i\/o la direcci\u00f3 IP. D\u2019aquesta manera podem elaborar estad\u00edstiques sobre els pa\u00efsos i servidors que visiten amb m\u00e9s freq\u00fc\u00e8ncia el nostre web.\u2013 La fetxa i hora d\u2019acc\u00e9s al nostre web. Aix\u00f2 ens permet definir les hores de m\u00e9s aflu\u00e8ncia, i ajustar el nostre web de manera correcta per evitar problemes de saturaci\u00f3 a les nostres hores punta.<\/p>\n<p>\u2013 La direcci\u00f3 d\u2019internet des d\u2019on ha partiti el link que es dirigeix al nostre web. Gr\u00e0cies a aquesta dada, podem con\u00e9ixer l\u2019efectivitat de la publicitat i enlla\u00e7os al nostre web, amb el fi de potenciar el que ofereixin millors resultats.<\/p>\n<p>\u2013 El nombre de visitants diaris de cada secci\u00f3. Aix\u00f2 ens permet con\u00e9ixer les \u00e0rees de m\u00e9s \u00e8xit i augmentar i millorar el seu contingut, amb l\u2019objectiu de millorar l\u2019experi\u00e8ncia de l\u2019usuari.<\/p>\n<h3>S\u00f3n an\u00f2nimes les cookies?<\/h3>\n<p>Les cookies no contenen informaci\u00f3 que permeti per s\u00ed mateixa identificar un usuari concret. Pel que fa a nosaltres, la informaci\u00f3 podria ser asociada a un usuari concret en cas de que aquest est\u00e0s identificat a la web.<\/p>\n<h3>Com puc gestionar les cookies?<\/h3>\n<p>Els usuaris de la web tenen la opci\u00f3 de no rebre cookies, eliminar-les o de ser informats sobre la seva desc\u00e0rrega mitjan\u00e7ant la configuraci\u00f3 del seu navegador. Per saber com gestionar-les al seu navegador, el convidam a consultar-ho a la secci\u00f3 d\u2019ajuda del navegador.<\/p>\n<p>Per la seva comoditat, a continuaci\u00f3 li proporcionam informaci\u00f3 referent a la gesti\u00f3 de cookies dels principals navegadors:<\/p>\n<p>\u00b7 Chrome, <a href=\"https:\/\/support.google.com\/chrome\/answer\/95647?hl=ca\">https:\/\/support.google.com\/chrome\/answer\/95647?hl=ca<\/a><\/p>\n<p>\u00b7 Explorer, <a href=\"http:\/\/windows.microsoft.com\/es-es\/windows7\/how-to-manage-cookies-in-internet-explorer-9\">http:\/\/windows.microsoft.com\/es-es\/windows7\/how-to-manage-cookies-in-internet-explorer-9<\/a><\/p>\n<p>\u00b7 Firefox, <a href=\"https:\/\/support.mozilla.org\/ca\/kb\/activa-i-desactiva-les-galetes-que-les-pagines-web\">https:\/\/support.mozilla.org\/ca\/kb\/activa-i-desactiva-les-galetes-que-les-pagines-web<\/a><\/p>\n<p>\u00b7 Safari, <a href=\"http:\/\/support.apple.com\/kb\/ph5042\">http:\/\/support.apple.com\/kb\/ph5042<\/a><\/p>\n<p>Si es desactiven les cookies pot ser que el nostre web no funcioni al complet.<\/p>\n<p>Per inhabilitar l\u2019\u00fas de les cookies publicit\u00e0ries de tercers, els usuaris poden visitar la p\u00e0gina d\u2019inhabilitaci\u00f3 de la Iniciativa publicit\u00e0ria de la xarxa (NAI, Network Advertising Initiative. P\u00e0gina en angl\u00e8s: <a href=\"http:\/\/www.networkadvertising.org\/managing\/opt_out.asp\">http:\/\/www.networkadvertising.org\/managing\/opt_out.asp<\/a>).[\/vc_column_text][\/vc_column][\/vc_row]\n","protected":false},"excerpt":{"rendered":"<p>[vc_row type=&#8221;in_container&#8221; full_screen_row_position=&#8221;middle&#8221; column_margin=&#8221;default&#8221; column_direction=&#8221;default&#8221; column_direction_tablet=&#8221;default&#8221; column_direction_phone=&#8221;default&#8221; scene_position=&#8221;center&#8221; top_margin=&#8221;10vh&#8221; bottom_margin=&#8221;10vh&#8221; text_color=&#8221;dark&#8221; text_align=&#8221;left&#8221; row_border_radius=&#8221;none&#8221; row_border_radius_applies=&#8221;bg&#8221; overflow=&#8221;visible&#8221; overlay_strength=&#8221;0.3&#8243; gradient_direction=&#8221;left_to_right&#8221; shape_divider_position=&#8221;bottom&#8221; bg_image_animation=&#8221;none&#8221; gradient_type=&#8221;default&#8221; shape_type=&#8221;&#8221;][vc_column column_padding=&#8221;no-extra-padding&#8221; column_padding_tablet=&#8221;inherit&#8221; column_padding_phone=&#8221;inherit&#8221; column_padding_position=&#8221;all&#8221;&#8230;<\/p>\n","protected":false},"author":1,"featured_media":0,"parent":0,"menu_order":0,"comment_status":"closed","ping_status":"closed","template":"","meta":{"footnotes":""},"class_list":["post-6257","page","type-page","status-publish"],"yoast_head":"<!-- This site is optimized with the Yoast SEO plugin v25.5 - https:\/\/yoast.com\/wordpress\/plugins\/seo\/ -->\n<title>Politica de Cookies - Casa Bonda<\/title>\n<meta name=\"robots\" content=\"index, follow, max-snippet:-1, max-image-preview:large, max-video-preview:-1\" \/>\n<link rel=\"canonical\" href=\"https:\/\/casabonda.com\/ca\/politica-de-cookies\/\" \/>\n<meta property=\"og:locale\" content=\"ca_ES\" \/>\n<meta property=\"og:type\" content=\"article\" \/>\n<meta property=\"og:title\" content=\"Politica de Cookies - Casa Bonda\" \/>\n<meta property=\"og:description\" content=\"[vc_row type=&#8221;in_container&#8221; full_screen_row_position=&#8221;middle&#8221; column_margin=&#8221;default&#8221; column_direction=&#8221;default&#8221; column_direction_tablet=&#8221;default&#8221; column_direction_phone=&#8221;default&#8221; scene_position=&#8221;center&#8221; top_margin=&#8221;10vh&#8221; bottom_margin=&#8221;10vh&#8221; text_color=&#8221;dark&#8221; text_align=&#8221;left&#8221; row_border_radius=&#8221;none&#8221; row_border_radius_applies=&#8221;bg&#8221; overflow=&#8221;visible&#8221; overlay_strength=&#8221;0.3&#8243; gradient_direction=&#8221;left_to_right&#8221; shape_divider_position=&#8221;bottom&#8221; bg_image_animation=&#8221;none&#8221; gradient_type=&#8221;default&#8221; shape_type=&#8221;&#8221;][vc_column column_padding=&#8221;no-extra-padding&#8221; column_padding_tablet=&#8221;inherit&#8221; column_padding_phone=&#8221;inherit&#8221; column_padding_position=&#8221;all&#8221;...\" \/>\n<meta property=\"og:url\" content=\"https:\/\/casabonda.com\/ca\/politica-de-cookies\/\" \/>\n<meta property=\"og:site_name\" content=\"Casa Bonda\" \/>\n<meta property=\"article:modified_time\" content=\"2024-11-04T07:51:07+00:00\" \/>\n<meta name=\"twitter:card\" content=\"summary_large_image\" \/>\n<meta name=\"twitter:label1\" content=\"Temps estimat de lectura\" \/>\n\t<meta name=\"twitter:data1\" content=\"5 minuts\" \/>\n<script type=\"application\/ld+json\" class=\"yoast-schema-graph\">{\"@context\":\"https:\/\/schema.org\",\"@graph\":[{\"@type\":\"WebPage\",\"@id\":\"https:\/\/casabonda.com\/ca\/politica-de-cookies\/\",\"url\":\"https:\/\/casabonda.com\/ca\/politica-de-cookies\/\",\"name\":\"Politica de Cookies - Casa Bonda\",\"isPartOf\":{\"@id\":\"https:\/\/casabonda.com\/#website\"},\"datePublished\":\"2024-11-04T07:17:32+00:00\",\"dateModified\":\"2024-11-04T07:51:07+00:00\",\"breadcrumb\":{\"@id\":\"https:\/\/casabonda.com\/ca\/politica-de-cookies\/#breadcrumb\"},\"inLanguage\":\"ca\",\"potentialAction\":[{\"@type\":\"ReadAction\",\"target\":[\"https:\/\/casabonda.com\/ca\/politica-de-cookies\/\"]}]},{\"@type\":\"BreadcrumbList\",\"@id\":\"https:\/\/casabonda.com\/ca\/politica-de-cookies\/#breadcrumb\",\"itemListElement\":[{\"@type\":\"ListItem\",\"position\":1,\"name\":\"Portada\",\"item\":\"https:\/\/casabonda.com\/ca\/\"},{\"@type\":\"ListItem\",\"position\":2,\"name\":\"Politica de Cookies\"}]},{\"@type\":\"WebSite\",\"@id\":\"https:\/\/casabonda.com\/#website\",\"url\":\"https:\/\/casabonda.com\/\",\"name\":\"Casa Bonda\",\"description\":\"Creadores del Mediterr\u00e1neo\",\"alternateName\":\"Creadores del Mediterr\u00e0neo\",\"potentialAction\":[{\"@type\":\"SearchAction\",\"target\":{\"@type\":\"EntryPoint\",\"urlTemplate\":\"https:\/\/casabonda.com\/?s={search_term_string}\"},\"query-input\":{\"@type\":\"PropertyValueSpecification\",\"valueRequired\":true,\"valueName\":\"search_term_string\"}}],\"inLanguage\":\"ca\"}]}<\/script>\n<!-- \/ Yoast SEO plugin. -->","yoast_head_json":{"title":"Politica de Cookies - Casa Bonda","robots":{"index":"index","follow":"follow","max-snippet":"max-snippet:-1","max-image-preview":"max-image-preview:large","max-video-preview":"max-video-preview:-1"},"canonical":"https:\/\/casabonda.com\/ca\/politica-de-cookies\/","og_locale":"ca_ES","og_type":"article","og_title":"Politica de Cookies - Casa Bonda","og_description":"[vc_row type=&#8221;in_container&#8221; full_screen_row_position=&#8221;middle&#8221; column_margin=&#8221;default&#8221; column_direction=&#8221;default&#8221; column_direction_tablet=&#8221;default&#8221; column_direction_phone=&#8221;default&#8221; scene_position=&#8221;center&#8221; top_margin=&#8221;10vh&#8221; bottom_margin=&#8221;10vh&#8221; text_color=&#8221;dark&#8221; text_align=&#8221;left&#8221; row_border_radius=&#8221;none&#8221; row_border_radius_applies=&#8221;bg&#8221; overflow=&#8221;visible&#8221; overlay_strength=&#8221;0.3&#8243; gradient_direction=&#8221;left_to_right&#8221; shape_divider_position=&#8221;bottom&#8221; bg_image_animation=&#8221;none&#8221; gradient_type=&#8221;default&#8221; shape_type=&#8221;&#8221;][vc_column column_padding=&#8221;no-extra-padding&#8221; column_padding_tablet=&#8221;inherit&#8221; column_padding_phone=&#8221;inherit&#8221; column_padding_position=&#8221;all&#8221;...","og_url":"https:\/\/casabonda.com\/ca\/politica-de-cookies\/","og_site_name":"Casa Bonda","article_modified_time":"2024-11-04T07:51:07+00:00","twitter_card":"summary_large_image","twitter_misc":{"Temps estimat de lectura":"5 minuts"},"schema":{"@context":"https:\/\/schema.org","@graph":[{"@type":"WebPage","@id":"https:\/\/casabonda.com\/ca\/politica-de-cookies\/","url":"https:\/\/casabonda.com\/ca\/politica-de-cookies\/","name":"Politica de Cookies - Casa Bonda","isPartOf":{"@id":"https:\/\/casabonda.com\/#website"},"datePublished":"2024-11-04T07:17:32+00:00","dateModified":"2024-11-04T07:51:07+00:00","breadcrumb":{"@id":"https:\/\/casabonda.com\/ca\/politica-de-cookies\/#breadcrumb"},"inLanguage":"ca","potentialAction":[{"@type":"ReadAction","target":["https:\/\/casabonda.com\/ca\/politica-de-cookies\/"]}]},{"@type":"BreadcrumbList","@id":"https:\/\/casabonda.com\/ca\/politica-de-cookies\/#breadcrumb","itemListElement":[{"@type":"ListItem","position":1,"name":"Portada","item":"https:\/\/casabonda.com\/ca\/"},{"@type":"ListItem","position":2,"name":"Politica de Cookies"}]},{"@type":"WebSite","@id":"https:\/\/casabonda.com\/#website","url":"https:\/\/casabonda.com\/","name":"Casa Bonda","description":"Creadores del Mediterr\u00e1neo","alternateName":"Creadores del Mediterr\u00e0neo","potentialAction":[{"@type":"SearchAction","target":{"@type":"EntryPoint","urlTemplate":"https:\/\/casabonda.com\/?s={search_term_string}"},"query-input":{"@type":"PropertyValueSpecification","valueRequired":true,"valueName":"search_term_string"}}],"inLanguage":"ca"}]}},"_links":{"self":[{"href":"https:\/\/casabonda.com\/ca\/wp-json\/wp\/v2\/pages\/6257","targetHints":{"allow":["GET"]}}],"collection":[{"href":"https:\/\/casabonda.com\/ca\/wp-json\/wp\/v2\/pages"}],"about":[{"href":"https:\/\/casabonda.com\/ca\/wp-json\/wp\/v2\/types\/page"}],"author":[{"embeddable":true,"href":"https:\/\/casabonda.com\/ca\/wp-json\/wp\/v2\/users\/1"}],"replies":[{"embeddable":true,"href":"https:\/\/casabonda.com\/ca\/wp-json\/wp\/v2\/comments?post=6257"}],"version-history":[{"count":6,"href":"https:\/\/casabonda.com\/ca\/wp-json\/wp\/v2\/pages\/6257\/revisions"}],"predecessor-version":[{"id":6286,"href":"https:\/\/casabonda.com\/ca\/wp-json\/wp\/v2\/pages\/6257\/revisions\/6286"}],"wp:attachment":[{"href":"https:\/\/casabonda.com\/ca\/wp-json\/wp\/v2\/media?parent=6257"}],"curies":[{"name":"wp","href":"https:\/\/api.w.org\/{rel}","templated":true}]}}